{"id":574,"date":"2021-08-30T08:38:25","date_gmt":"2021-08-30T05:38:25","guid":{"rendered":"https:\/\/balticspa.eu\/?page_id=574"},"modified":"2025-04-02T10:39:28","modified_gmt":"2025-04-02T07:39:28","slug":"collections","status":"publish","type":"page","link":"https:\/\/balticspa.eu\/et\/","title":{"rendered":"Tootesarja"},"content":{"rendered":"<section class=\"wpb-content-wrapper\"><p>[vc_row full_width=&#8221;stretch_row_content&#8221; css=&#8221;.vc_custom_1743489907270{background-image: url(https:\/\/balticspa.eu\/wp-content\/uploads\/2025\/04\/ulkoporeallas.jpg?id=1214) !important;background-position: center !important;background-repeat: no-repeat !important;background-size: cover !important;}&#8221;][vc_column][vc_empty_space height=&#8221;220px&#8221;][vc_custom_heading text=&#8221;V\u00e4limullivannide mudelid&#8221; font_container=&#8221;tag:h1|text_align:center|color:%23ffffff&#8221; use_theme_fonts=&#8221;yes&#8221;][vc_empty_space height=&#8221;220px&#8221;][\/vc_column][\/vc_row][vc_row][vc_column][vc_empty_space height=&#8221;50px&#8221;][vc_custom_heading text=&#8221;Meie valikusse kuulub neli erinevat v\u00e4limullivannide tootesarja&#8221; font_container=&#8221;tag:h2|text_align:center&#8221; use_theme_fonts=&#8221;yes&#8221;][vc_column_text]K\u00f5ik meie mullivannid on valmistatud \u00fcle 40-aastase kogemusega kvaliteetsetest detailidest ja materjalidest, mis tagab toote pika t\u00f6\u00f6ea. Vannid on h\u00e4sti isoleeritud ja m\u00f5eldud P\u00f5hjamaade tingimustele, mist\u00f5ttu nende ekspluatatsioonikulud j\u00e4\u00e4vad madalaks. Meie mullivanne iseloomustavad muuhulgas ka esmaklassilised h\u00fcdromassaa\u017eiomadused ja 100-protsendiline vee filtreerimine, mis hoiab vee alati puhta ja v\u00e4rskena.[\/vc_column_text][\/vc_column][\/vc_row][vc_row][vc_column][vc_empty_space height=&#8221;50px&#8221;][\/vc_column][\/vc_row][vc_row gap=&#8221;30&#8243; equal_height=&#8221;yes&#8221;][vc_column width=&#8221;1\/4&#8243;][vc_single_image image=&#8221;1232&#8243; img_size=&#8221;300&#215;300&#8243; alignment=&#8221;center&#8221; onclick=&#8221;custom_link&#8221; img_link_target=&#8221;_blank&#8221; link=&#8221;https:\/\/www.kuumalahde.fi\/mallistot\/hotspot\/&#8221;][vc_column_text el_class=&#8221;etusivu-mallisto&#8221;]<\/p>\n<h2 style=\"text-align: center;\"><a href=\"https:\/\/www.kuumalahde.fi\/mallistot\/hotspot\/\">Hotspot<\/a><\/h2>\n<p style=\"text-align: center;\">Kvaliteetsed pisimugavustega basseinid<\/p>\n<p>[\/vc_column_text][\/vc_column][vc_column width=&#8221;1\/4&#8243;][vc_single_image image=&#8221;1228&#8243; img_size=&#8221;300&#215;300&#8243; alignment=&#8221;center&#8221; onclick=&#8221;custom_link&#8221; link=&#8221;https:\/\/www.kuumalahde.fi\/mallistot\/limelight\/&#8221;][vc_column_text el_class=&#8221;etusivu-mallisto&#8221;]<\/p>\n<h2 style=\"text-align: center;\"><a href=\"https:\/\/www.kuumalahde.fi\/mallistot\/limelight\/\">Limelight<\/a><\/h2>\n<p style=\"text-align: center;\">Stiil ja t\u00f5husus \u00fches pakendis<\/p>\n<p>[\/vc_column_text][\/vc_column][vc_column width=&#8221;1\/4&#8243;][vc_single_image image=&#8221;1238&#8243; img_size=&#8221;300&#215;300&#8243; alignment=&#8221;center&#8221; onclick=&#8221;custom_link&#8221; link=&#8221;https:\/\/www.kuumalahde.fi\/mallistot\/highlife\/&#8221;][vc_column_text el_class=&#8221;etusivu-mallisto&#8221;]<\/p>\n<h2 style=\"text-align: center;\"><a href=\"https:\/\/www.kuumalahde.fi\/mallistot\/highlife\/\">Highlife<\/a><\/h2>\n<p style=\"text-align: center;\">Tipptase ainulaadsete omadustega<\/p>\n<p>[\/vc_column_text][\/vc_column][vc_column width=&#8221;1\/4&#8243;][vc_single_image image=&#8221;1241&#8243; img_size=&#8221;300&#215;300&#8243; alignment=&#8221;center&#8221; onclick=&#8221;custom_link&#8221; link=&#8221;https:\/\/www.kuumalahde.fi\/mallistot\/freeflow-2\/&#8221;][vc_column_text el_class=&#8221;etusivu-mallisto&#8221;]<\/p>\n<h2 style=\"text-align: center;\"><a href=\"https:\/\/www.kuumalahde.fi\/mallistot\/freeflow-2\/\">Freeflow<\/a><\/h2>\n<p style=\"text-align: center;\">Lihtne ja usaldusv\u00e4\u00e4rne mullivann<\/p>\n<p>[\/vc_column_text][\/vc_column][\/vc_row][vc_row][vc_column offset=&#8221;vc_hidden-xs&#8221;][vc_empty_space height=&#8221;50px&#8221;][vc_column_text]<\/p>\n<h2 style=\"text-align: center;\">HotSpring Sales<\/h2>\n<p style=\"text-align: center;\"><span style=\"color: #000000;\"><a style=\"color: #000000;\" href=\"tel:+358207710800\">+358\u00a0207 710800<\/a><\/span><\/p>\n<p>[\/vc_column_text][vc_empty_space height=&#8221;50px&#8221;][\/vc_column][\/vc_row]<\/p>\n<\/section>","protected":false},"excerpt":{"rendered":"<p>[vc_row full_width=&#8221;stretch_row_content&#8221; css=&#8221;.vc_custom_1743489907270{background-image: url(https:\/\/balticspa.eu\/wp-content\/uploads\/2025\/04\/ulkoporeallas.jpg?id=1214) !important;background-position: center !important;background-repeat: no-repeat !important;background-size: cover !important;}&#8221;][vc_column][vc_empty_space height=&#8221;220px&#8221;][vc_custom_heading text=&#8221;V\u00e4limullivannide mudelid&#8221; font_container=&#8221;tag:h1|text_align:center|color:%23ffffff&#8221; use_theme_fonts=&#8221;yes&#8221;][vc_empty_space height=&#8221;220px&#8221;][\/vc_column][\/vc_row][vc_row][vc_column][vc_empty_space height=&#8221;50px&#8221;][vc_custom_heading text=&#8221;Meie valikusse kuulub neli erinevat v\u00e4limullivannide tootesarja&#8221;&hellip;<\/p>\n","protected":false},"author":1,"featured_media":0,"parent":0,"menu_order":0,"comment_status":"closed","ping_status":"closed","template":"","meta":{"footnotes":""},"tags":[],"class_list":["post-574","page","type-page","status-publish","hentry"],"_links":{"self":[{"href":"https:\/\/balticspa.eu\/et\/wp-json\/wp\/v2\/pages\/574","targetHints":{"allow":["GET"]}}],"collection":[{"href":"https:\/\/balticspa.eu\/et\/wp-json\/wp\/v2\/pages"}],"about":[{"href":"https:\/\/balticspa.eu\/et\/wp-json\/wp\/v2\/types\/page"}],"author":[{"embeddable":true,"href":"https:\/\/balticspa.eu\/et\/wp-json\/wp\/v2\/users\/1"}],"replies":[{"embeddable":true,"href":"https:\/\/balticspa.eu\/et\/wp-json\/wp\/v2\/comments?post=574"}],"version-history":[{"count":11,"href":"https:\/\/balticspa.eu\/et\/wp-json\/wp\/v2\/pages\/574\/revisions"}],"predecessor-version":[{"id":1256,"href":"https:\/\/balticspa.eu\/et\/wp-json\/wp\/v2\/pages\/574\/revisions\/1256"}],"wp:attachment":[{"href":"https:\/\/balticspa.eu\/et\/wp-json\/wp\/v2\/media?parent=574"}],"wp:term":[{"taxonomy":"post_tag","embeddable":true,"href":"https:\/\/balticspa.eu\/et\/wp-json\/wp\/v2\/tags?post=574"}],"curies":[{"name":"wp","href":"https:\/\/api.w.org\/{rel}","templated":true}]}}